{"id":2906,"date":"2026-04-01T13:55:25","date_gmt":"2026-04-01T13:55:25","guid":{"rendered":"https:\/\/afro-europe.ch\/allgemeine-geschaeftsbedingungen\/"},"modified":"2026-04-03T23:40:18","modified_gmt":"2026-04-03T23:40:18","slug":"allgemeine-geschaeftsbedingungen","status":"publish","type":"page","link":"https:\/\/afro-europe.ch\/de\/allgemeine-geschaeftsbedingungen\/","title":{"rendered":"Allgemeine Gesch\u00e4ftsbedingungen"},"content":{"rendered":"\t\t<div data-elementor-type=\"wp-page\" data-elementor-id=\"2906\" class=\"elementor elementor-2906 elementor-2363\" data-elementor-post-type=\"page\">\n\t\t\t\t\t\t<section class=\"elementor-section elementor-top-section elementor-element elementor-element-3ccff82 elementor-section-boxed elementor-section-height-default elementor-section-height-default\" data-id=\"3ccff82\" data-element_type=\"section\" data-e-type=\"section\">\n\t\t\t\t\t\t<div class=\"elementor-container elementor-column-gap-default\">\n\t\t\t\t\t<div class=\"elementor-column elementor-col-100 elementor-top-column elementor-element elementor-element-3f7c046\" data-id=\"3f7c046\" data-element_type=\"column\" data-e-type=\"column\">\n\t\t\t<div class=\"elementor-widget-wrap elementor-element-populated\">\n\t\t\t\t\t\t<div class=\"elementor-element elementor-element-ed85f9e elementor-nav-menu--dropdown-none elementor-widget elementor-widget-nav-menu\" data-id=\"ed85f9e\" data-element_type=\"widget\" data-e-type=\"widget\" data-settings=\"{&quot;layout&quot;:&quot;horizontal&quot;,&quot;submenu_icon&quot;:{&quot;value&quot;:&quot;&lt;i class=\\&quot;fas fa-caret-down\\&quot; aria-hidden=\\&quot;true\\&quot;&gt;&lt;\\\/i&gt;&quot;,&quot;library&quot;:&quot;fa-solid&quot;}}\" data-widget_type=\"nav-menu.default\">\n\t\t\t\t<div class=\"elementor-widget-container\">\n\t\t\t\t\t\t\t\t<nav aria-label=\"Menu\" class=\"elementor-nav-menu--main elementor-nav-menu__container elementor-nav-menu--layout-horizontal e--pointer-underline e--animation-fade\">\n\t\t\t\t<ul id=\"menu-1-ed85f9e\" class=\"elementor-nav-menu\"><li class=\"menu-item menu-item-type-post_type menu-item-object-page menu-item-2402\"><a href=\"https:\/\/afro-europe.ch\/legal-notice\/\" class=\"elementor-item\">Impressum<\/a><\/li>\n<li class=\"menu-item menu-item-type-post_type menu-item-object-page menu-item-2401\"><a href=\"https:\/\/afro-europe.ch\/terms-and-conditions\/\" class=\"elementor-item\">Allgemeine Gesch\u00e4ftsbedingungen<\/a><\/li>\n<li class=\"menu-item menu-item-type-post_type menu-item-object-page menu-item-2882\"><a href=\"https:\/\/afro-europe.ch\/privacy-policy\/\" class=\"elementor-item\">Datenschutzbestimmungen<\/a><\/li>\n<\/ul>\t\t\t<\/nav>\n\t\t\t\t\t\t<nav class=\"elementor-nav-menu--dropdown elementor-nav-menu__container\" aria-hidden=\"true\">\n\t\t\t\t<ul id=\"menu-2-ed85f9e\" class=\"elementor-nav-menu\"><li class=\"menu-item menu-item-type-post_type menu-item-object-page menu-item-2402\"><a href=\"https:\/\/afro-europe.ch\/legal-notice\/\" class=\"elementor-item\" tabindex=\"-1\">Impressum<\/a><\/li>\n<li class=\"menu-item menu-item-type-post_type menu-item-object-page menu-item-2401\"><a href=\"https:\/\/afro-europe.ch\/terms-and-conditions\/\" class=\"elementor-item\" tabindex=\"-1\">Allgemeine Gesch\u00e4ftsbedingungen<\/a><\/li>\n<li class=\"menu-item menu-item-type-post_type menu-item-object-page menu-item-2882\"><a href=\"https:\/\/afro-europe.ch\/privacy-policy\/\" class=\"elementor-item\" tabindex=\"-1\">Datenschutzbestimmungen<\/a><\/li>\n<\/ul>\t\t\t<\/nav>\n\t\t\t\t\t\t<\/div>\n\t\t\t\t<\/div>\n\t\t\t\t\t<\/div>\n\t\t<\/div>\n\t\t\t\t\t<\/div>\n\t\t<\/section>\n\t\t\t\t<section class=\"elementor-section elementor-top-section elementor-element elementor-element-027655c elementor-section-boxed elementor-section-height-default elementor-section-height-default\" data-id=\"027655c\" data-element_type=\"section\" data-e-type=\"section\">\n\t\t\t\t\t\t<div class=\"elementor-container elementor-column-gap-default\">\n\t\t\t\t\t<div class=\"elementor-column elementor-col-100 elementor-top-column elementor-element elementor-element-4cfec2c\" data-id=\"4cfec2c\" data-element_type=\"column\" data-e-type=\"column\">\n\t\t\t<div class=\"elementor-widget-wrap elementor-element-populated\">\n\t\t\t\t\t\t<div class=\"elementor-element elementor-element-6deea86 elementor-widget elementor-widget-heading\" data-id=\"6deea86\" data-element_type=\"widget\" data-e-type=\"widget\" data-widget_type=\"heading.default\">\n\t\t\t\t<div class=\"elementor-widget-container\">\n\t\t\t\t\t<h2 class=\"elementor-heading-title elementor-size-default\">Allgemeine Gesch\u00e4ftsbedingungen<\/h2>\t\t\t\t<\/div>\n\t\t\t\t<\/div>\n\t\t\t\t<div class=\"elementor-element elementor-element-82cd59d elementor-widget elementor-widget-text-editor\" data-id=\"82cd59d\" data-element_type=\"widget\" data-e-type=\"widget\" data-widget_type=\"text-editor.default\">\n\t\t\t\t<div class=\"elementor-widget-container\">\n\t\t\t\t\t\t\t\t\t<h3>ALLGEMEINE NUTZUNGS- UND VERKAUFSBEDINGUNGEN (AGB)<\/h3><p><strong>1. ZWECK<\/strong><br>Afro-Europe ist eine Plattform, die darauf ausgerichtet ist, afrikanische und afro-inspirierte Unternehmen in Europa zu f\u00f6rdern und zu listen.<\/p><p>_____________________<\/p><p><strong>2. ANGEBOTENE DIENSTLEISTUNGEN<\/strong><br>Erstellung von professionellen Profilen<\/p><ul><li>Ver\u00f6ffentlichung von Eintr\u00e4gen<\/li><li>Online-Sichtbarkeit<\/li><\/ul><p>kostenpflichtige Premium-Optionen<br>_______________________<\/p><p><strong>3. REGISTRIERUNG<\/strong><br>Nutzer erkl\u00e4ren sich damit einverstanden, genaue und aktuelle Informationen bereitzustellen.<\/p><p>Afro-Europe beh\u00e4lt sich das Recht vor, ein Konto im Falle der Nichteinhaltung dieser Bedingungen abzulehnen, zu sperren oder zu l\u00f6schen.<\/p><p>_______________________<\/p><p><strong>4. VERANTWORTUNG F\u00dcR INHALTE<\/strong><br>Nutzer sind allein verantwortlich f\u00fcr die von ihnen ver\u00f6ffentlichten Inhalte (Texte, Bilder, Informationen).<\/p><p>Afro-Europe pr\u00fcft die ver\u00f6ffentlichten Informationen nicht systematisch.<\/p><p>Unangemessene Inhalte k\u00f6nnen ohne Vorank\u00fcndigung entfernt werden.<\/p><p>_______________________<\/p><p><strong>5. UNTERNEHMENSEINTR\u00c4GE<\/strong><br>Unternehmen sind allein verantwortlich f\u00fcr die Informationen in ihren Eintr\u00e4gen (Dienstleistungen, Preise, Kontaktdaten usw.).<\/p><p>Afro-Europe fungiert ausschlie\u00dflich als Plattform zur Vernetzung von Nutzern.<\/p><p>_______________________<\/p><p><strong>6. ANGEBOTE UND ZAHLUNGEN<\/strong><br>\u2013 Ein kostenloses Angebot kann verf\u00fcgbar sein<br>\u2013 Kostenpflichtige Angebote sind verf\u00fcgbar<br>\u2013 Zahlungen werden \u00fcber WooCommerce und externe Dienstleister abgewickelt<\/p><p>_______________________<\/p><p><strong>7. LAUFZEIT DER DIENSTE<\/strong><br>Kostenpflichtige Abonnements sind f\u00fcr die angegebene Laufzeit g\u00fcltig (z. B. 1 Jahr).<\/p><p>Die Verl\u00e4ngerung liegt in der Verantwortung des Nutzers, sofern nicht anders angegeben.<\/p><p>_______________________<\/p><p><strong>8. KEINE R\u00dcCKERSTATTUNGEN<\/strong><br>Au\u00dfer in Ausnahmef\u00e4llen sind geleistete Zahlungen nicht erstattungsf\u00e4hig.<\/p><p>_______________________<\/p><p><strong>9. HAFTUNGSBESCHR\u00c4NKUNG<\/strong><br>Afro-Europe garantiert keine kommerziellen Ergebnisse, Sichtbarkeit oder Kundengewinnung.<\/p><p>Die Plattform kann nicht f\u00fcr die von den gelisteten Unternehmen erbrachten Dienstleistungen haftbar gemacht werden.<\/p><p>_____________________<\/p><p><strong>10. \u00c4NDERUNG ODER ENTFERNUNG<\/strong><br>Afro-Europe beh\u00e4lt sich das Recht vor, Inhalte, Konten oder Dienste im Falle der Nichteinhaltung dieser Bedingungen ohne Vorank\u00fcndigung zu \u00e4ndern, auszusetzen oder zu entfernen.<\/p><p>_____________________<\/p><p><strong>11. \u00c4NDERUNG DER BEDINGUNGEN<\/strong><br>Afro-Europe beh\u00e4lt sich das Recht vor, diese Bedingungen jederzeit zu \u00e4ndern.<\/p><p>_____________________<\/p><p><strong>12. ANWENDBARES RECHT<\/strong><br>Diese Bedingungen unterliegen schweizerischem Recht.<\/p><p>Im Falle eines Rechtsstreits sind die zust\u00e4ndigen Gerichte die des Kantons Genf.<\/p><p> <\/p>\t\t\t\t\t\t\t\t<\/div>\n\t\t\t\t<\/div>\n\t\t\t\t\t<\/div>\n\t\t<\/div>\n\t\t\t\t\t<\/div>\n\t\t<\/section>\n\t\t\t\t<\/div>\n\t\t","protected":false},"excerpt":{"rendered":"<p>Allgemeine Gesch\u00e4ftsbedingungen ALLGEMEINE NUTZUNGS- UND VERKAUFSBEDINGUNGEN (AGB) 1. ZWECKAfro-Europe ist eine Plattform, die darauf ausgerichtet ist, afrikanische und afro-inspirierte Unternehmen in Europa zu f\u00f6rdern und zu listen. _____________________ 2. ANGEBOTENE DIENSTLEISTUNGENErstellung von professionellen Profilen Ver\u00f6ffentlichung von Eintr\u00e4gen Online-Sichtbarkeit kostenpflichtige Premium-Optionen_______________________ 3. REGISTRIERUNGNutzer erkl\u00e4ren sich damit einverstanden, genaue und aktuelle Informationen bereitzustellen. Afro-Europe beh\u00e4lt sich das [&hellip;]<\/p>\n","protected":false},"author":1,"featured_media":0,"parent":0,"menu_order":0,"comment_status":"closed","ping_status":"closed","template":"","meta":{"footnotes":""},"class_list":["post-2906","page","type-page","status-publish","hentry"],"_links":{"self":[{"href":"https:\/\/afro-europe.ch\/de\/wp-json\/wp\/v2\/pages\/2906","targetHints":{"allow":["GET"]}}],"collection":[{"href":"https:\/\/afro-europe.ch\/de\/wp-json\/wp\/v2\/pages"}],"about":[{"href":"https:\/\/afro-europe.ch\/de\/wp-json\/wp\/v2\/types\/page"}],"author":[{"embeddable":true,"href":"https:\/\/afro-europe.ch\/de\/wp-json\/wp\/v2\/users\/1"}],"replies":[{"embeddable":true,"href":"https:\/\/afro-europe.ch\/de\/wp-json\/wp\/v2\/comments?post=2906"}],"version-history":[{"count":1,"href":"https:\/\/afro-europe.ch\/de\/wp-json\/wp\/v2\/pages\/2906\/revisions"}],"predecessor-version":[{"id":2907,"href":"https:\/\/afro-europe.ch\/de\/wp-json\/wp\/v2\/pages\/2906\/revisions\/2907"}],"wp:attachment":[{"href":"https:\/\/afro-europe.ch\/de\/wp-json\/wp\/v2\/media?parent=2906"}],"curies":[{"name":"wp","href":"https:\/\/api.w.org\/{rel}","templated":true}]}}