{"id":2974,"date":"2021-09-07T10:57:34","date_gmt":"2021-09-07T10:57:34","guid":{"rendered":"https:\/\/afro-europe.ch\/datenschutzbestimmungen\/"},"modified":"2026-04-04T00:42:12","modified_gmt":"2026-04-04T00:42:12","slug":"datenschutzbestimmungen","status":"publish","type":"page","link":"https:\/\/afro-europe.ch\/de\/datenschutzbestimmungen\/","title":{"rendered":"Datenschutzbestimmungen"},"content":{"rendered":"\t\t<div data-elementor-type=\"wp-page\" data-elementor-id=\"2974\" class=\"elementor elementor-2974 elementor-29\" data-elementor-post-type=\"page\">\n\t\t\t\t\t\t<section class=\"elementor-section elementor-top-section elementor-element elementor-element-ca298e5 elementor-section-boxed elementor-section-height-default elementor-section-height-default\" data-id=\"ca298e5\" data-element_type=\"section\" data-e-type=\"section\">\n\t\t\t\t\t\t<div class=\"elementor-container elementor-column-gap-default\">\n\t\t\t\t\t<div class=\"elementor-column elementor-col-100 elementor-top-column elementor-element elementor-element-c31d091\" data-id=\"c31d091\" data-element_type=\"column\" data-e-type=\"column\">\n\t\t\t<div class=\"elementor-widget-wrap elementor-element-populated\">\n\t\t\t\t\t\t<div class=\"elementor-element elementor-element-24d0efc elementor-nav-menu--dropdown-none elementor-widget elementor-widget-nav-menu\" data-id=\"24d0efc\" data-element_type=\"widget\" data-e-type=\"widget\" data-settings=\"{&quot;layout&quot;:&quot;horizontal&quot;,&quot;submenu_icon&quot;:{&quot;value&quot;:&quot;&lt;i class=\\&quot;fas fa-caret-down\\&quot; aria-hidden=\\&quot;true\\&quot;&gt;&lt;\\\/i&gt;&quot;,&quot;library&quot;:&quot;fa-solid&quot;}}\" data-widget_type=\"nav-menu.default\">\n\t\t\t\t<div class=\"elementor-widget-container\">\n\t\t\t\t\t\t\t\t<nav aria-label=\"Menu\" class=\"elementor-nav-menu--main elementor-nav-menu__container elementor-nav-menu--layout-horizontal e--pointer-underline e--animation-fade\">\n\t\t\t\t<ul id=\"menu-1-24d0efc\" class=\"elementor-nav-menu\"><li class=\"menu-item menu-item-type-post_type menu-item-object-page menu-item-2402\"><a href=\"https:\/\/afro-europe.ch\/legal-notice\/\" class=\"elementor-item\">Impressum<\/a><\/li>\n<li class=\"menu-item menu-item-type-post_type menu-item-object-page menu-item-2401\"><a href=\"https:\/\/afro-europe.ch\/terms-and-conditions\/\" class=\"elementor-item\">Allgemeine Gesch\u00e4ftsbedingungen<\/a><\/li>\n<li class=\"menu-item menu-item-type-post_type menu-item-object-page menu-item-2882\"><a href=\"https:\/\/afro-europe.ch\/privacy-policy\/\" class=\"elementor-item\">Datenschutzbestimmungen<\/a><\/li>\n<\/ul>\t\t\t<\/nav>\n\t\t\t\t\t\t<nav class=\"elementor-nav-menu--dropdown elementor-nav-menu__container\" aria-hidden=\"true\">\n\t\t\t\t<ul id=\"menu-2-24d0efc\" class=\"elementor-nav-menu\"><li class=\"menu-item menu-item-type-post_type menu-item-object-page menu-item-2402\"><a href=\"https:\/\/afro-europe.ch\/legal-notice\/\" class=\"elementor-item\" tabindex=\"-1\">Impressum<\/a><\/li>\n<li class=\"menu-item menu-item-type-post_type menu-item-object-page menu-item-2401\"><a href=\"https:\/\/afro-europe.ch\/terms-and-conditions\/\" class=\"elementor-item\" tabindex=\"-1\">Allgemeine Gesch\u00e4ftsbedingungen<\/a><\/li>\n<li class=\"menu-item menu-item-type-post_type menu-item-object-page menu-item-2882\"><a href=\"https:\/\/afro-europe.ch\/privacy-policy\/\" class=\"elementor-item\" tabindex=\"-1\">Datenschutzbestimmungen<\/a><\/li>\n<\/ul>\t\t\t<\/nav>\n\t\t\t\t\t\t<\/div>\n\t\t\t\t<\/div>\n\t\t\t\t\t<\/div>\n\t\t<\/div>\n\t\t\t\t\t<\/div>\n\t\t<\/section>\n\t\t\t\t<section class=\"elementor-section elementor-top-section elementor-element elementor-element-9171b22 elementor-section-boxed elementor-section-height-default elementor-section-height-default\" data-id=\"9171b22\" data-element_type=\"section\" data-e-type=\"section\">\n\t\t\t\t\t\t<div class=\"elementor-container elementor-column-gap-default\">\n\t\t\t\t\t<div class=\"elementor-column elementor-col-100 elementor-top-column elementor-element elementor-element-396644c\" data-id=\"396644c\" data-element_type=\"column\" data-e-type=\"column\">\n\t\t\t<div class=\"elementor-widget-wrap elementor-element-populated\">\n\t\t\t\t\t\t<div class=\"elementor-element elementor-element-8b7845b elementor-widget elementor-widget-heading\" data-id=\"8b7845b\" data-element_type=\"widget\" data-e-type=\"widget\" data-widget_type=\"heading.default\">\n\t\t\t\t<div class=\"elementor-widget-container\">\n\t\t\t\t\t<h2 class=\"elementor-heading-title elementor-size-default\">Datenschutzbestimmungen<\/h2>\t\t\t\t<\/div>\n\t\t\t\t<\/div>\n\t\t\t\t<div class=\"elementor-element elementor-element-aa16bf7 elementor-widget elementor-widget-text-editor\" data-id=\"aa16bf7\" data-element_type=\"widget\" data-e-type=\"widget\" data-widget_type=\"text-editor.default\">\n\t\t\t\t<div class=\"elementor-widget-container\">\n\t\t\t\t\t\t\t\t\t<p>Afro-Europe legt gro\u00dfen Wert auf den Schutz Ihrer pers\u00f6nlichen Daten.<\/p><p>Diese Richtlinie entspricht dem <strong>DSG (Schweiz)<\/strong> und der <strong>GDPR (Europ\u00e4ische Union)<\/strong>.<\/p><p>_______________________<\/p><p><strong>1. Erfasste Daten<\/strong><br>Wir k\u00f6nnen die folgenden Daten erfassen:<\/p><p>Vor- und Nachname<br>E-Mail-Adresse<br>Telefonnummer<br>Berufliche Informationen<br>Daten zu den Angeboten<br>Browsing-Daten<br>_______________________<\/p><p><strong>2. ZWECK DER VERARBEITUNG<\/strong><br>Die Daten werden verwendet f\u00fcr:<\/p><p>Erstellen und Verwalten von Konten<br>Ver\u00f6ffentlichen von Gesch\u00e4ftsprofilen<br>Bearbeiten von Zahlungen<br>Kommunikation mit Nutzern<br>Verbessern des Dienstes<br>Sicherheit und Verhinderung von Missbrauch<br>_______________________<\/p><p><strong>3. RECHTSGRUNDLAGE<\/strong><br>Die Verarbeitung erfolgt auf der Grundlage:<\/p><p>die Erf\u00fcllung eines Vertrags<br>die Zustimmung des Nutzers<br>das berechtigte Interesse der Plattform<br>_______________________<\/p><p><strong>4. ZAHLUNGEN<\/strong><br>Zahlungen werden \u00fcber externe Dienstleister (z.B. zahls.ch, WooCommerce) abgewickelt.<br>Afro-Europe speichert keine Bankdaten.<\/p><p>_______________________<\/p><p><strong>5. DATENSCHUTZ<\/strong><br>Daten werden nicht verkauft.<br>Sie d\u00fcrfen nur an Dritte weitergegeben werden:<\/p><p>technische dienstleister<br>zahlungsdienste<br>rechtliche verpflichtungen<br>_______________________<\/p><p><strong>6. PUBLIC DATA<\/strong><br>Bestimmte Informationen aus Unternehmensprofilen werden auf der Plattform ver\u00f6ffentlicht.<\/p><p>Diese Daten sind f\u00fcr Besucher der Website frei zug\u00e4nglich.<\/p><p>Die Benutzer sind f\u00fcr die Informationen verantwortlich, die sie ver\u00f6ffentlichen.<\/p><p><strong>7. AUFBEWAHRUNGSZEITRAUM<\/strong><br>Die Daten werden aufbewahrt:<\/p><ul><li>f\u00fcr die Dauer der Benutzerbeziehung<\/li><li>bis zu 3 Jahre nach Inaktivit\u00e4t<\/li><\/ul><p>in \u00dcbereinstimmung mit den gesetzlichen Verpflichtungen<br>_______________________<\/p><p><strong>8. SICHERHEIT<\/strong><br>Wir setzen technische und organisatorische Ma\u00dfnahmen zum Schutz der Daten ein.<\/p><p>_______________________<\/p><p><strong>9. COOKIES<\/strong><br>Die Website verwendet Cookies, um die Benutzerfreundlichkeit zu verbessern.<\/p><p>Diese Cookies erm\u00f6glichen es uns:<\/p><p>&#8211; Merken Sie sich Ihre Einstellungen<br>&#8211; Verwalten Sie Ihre Logins<br>&#8211; Analysieren Sie die Nutzung der Website<\/p><p>Sie k\u00f6nnen Ihren Browser so konfigurieren, dass er Cookies ablehnt.<\/p><p>_______________________<\/p><p><strong>10. KOMMENTARE<\/strong><br>Wenn Sie einen Kommentar hinterlassen, sammeln wir die Daten aus dem Formular sowie Ihre IP-Adresse, um Spam zu erkennen.<\/p><p>_______________________<\/p><p><strong>11. MEDIEN<\/strong><br>Wenn Sie Bilder auf die Website hochladen, vermeiden Sie es, Standortdaten (EXIF-GPS) anzugeben.<\/p><p>_______________________<\/p><p><strong>12. EMBEDDED CONTENT<\/strong><br>Beitr\u00e4ge k\u00f6nnen eingebettete Inhalte (Videos, Bilder usw.) enthalten.<\/p><p>Dieser Inhalt verh\u00e4lt sich so, als ob Sie die Website des Drittanbieters direkt besuchen w\u00fcrden, der m\u00f6glicherweise Daten sammelt.<\/p><p>_______________________<\/p><p><strong>13. DIENSTLEISTUNGEN DRITTER<\/strong><br>Wir nutzen Dienste Dritter (z. B. Google, WordPress-Plugins, Analysetools, Zahlungsdienste).<\/p><p>Diese Dienste k\u00f6nnen Daten in \u00dcbereinstimmung mit ihren eigenen Datenschutzrichtlinien sammeln.<\/p><p>_______________________<\/p><p><strong>14. IHRE RECHTE<\/strong><br>In \u00dcbereinstimmung mit den geltenden Gesetzen k\u00f6nnen Sie:<\/p><p>&#8211; auf Ihre Daten zuzugreifen<br>&#8211; ihre Korrektur zu verlangen<br>&#8211; ihre L\u00f6schung zu verlangen<\/p><p><strong>Kontakt: info@afro-europe.ch<\/strong><\/p><p> <\/p>\t\t\t\t\t\t\t\t<\/div>\n\t\t\t\t<\/div>\n\t\t\t\t\t<\/div>\n\t\t<\/div>\n\t\t\t\t\t<\/div>\n\t\t<\/section>\n\t\t\t\t<\/div>\n\t\t","protected":false},"excerpt":{"rendered":"<p>Datenschutzbestimmungen Afro-Europe legt gro\u00dfen Wert auf den Schutz Ihrer pers\u00f6nlichen Daten. Diese Richtlinie entspricht dem DSG (Schweiz) und der GDPR (Europ\u00e4ische Union). _______________________ 1. Erfasste DatenWir k\u00f6nnen die folgenden Daten erfassen: Vor- und NachnameE-Mail-AdresseTelefonnummerBerufliche InformationenDaten zu den AngebotenBrowsing-Daten_______________________ 2. ZWECK DER VERARBEITUNGDie Daten werden verwendet f\u00fcr: Erstellen und Verwalten von KontenVer\u00f6ffentlichen von Gesch\u00e4ftsprofilenBearbeiten von ZahlungenKommunikation [&hellip;]<\/p>\n","protected":false},"author":1,"featured_media":0,"parent":0,"menu_order":0,"comment_status":"closed","ping_status":"closed","template":"","meta":{"footnotes":""},"class_list":["post-2974","page","type-page","status-publish","hentry"],"_links":{"self":[{"href":"https:\/\/afro-europe.ch\/de\/wp-json\/wp\/v2\/pages\/2974","targetHints":{"allow":["GET"]}}],"collection":[{"href":"https:\/\/afro-europe.ch\/de\/wp-json\/wp\/v2\/pages"}],"about":[{"href":"https:\/\/afro-europe.ch\/de\/wp-json\/wp\/v2\/types\/page"}],"author":[{"embeddable":true,"href":"https:\/\/afro-europe.ch\/de\/wp-json\/wp\/v2\/users\/1"}],"replies":[{"embeddable":true,"href":"https:\/\/afro-europe.ch\/de\/wp-json\/wp\/v2\/comments?post=2974"}],"version-history":[{"count":2,"href":"https:\/\/afro-europe.ch\/de\/wp-json\/wp\/v2\/pages\/2974\/revisions"}],"predecessor-version":[{"id":2976,"href":"https:\/\/afro-europe.ch\/de\/wp-json\/wp\/v2\/pages\/2974\/revisions\/2976"}],"wp:attachment":[{"href":"https:\/\/afro-europe.ch\/de\/wp-json\/wp\/v2\/media?parent=2974"}],"curies":[{"name":"wp","href":"https:\/\/api.w.org\/{rel}","templated":true}]}}