{"id":2872,"date":"2026-03-24T10:16:16","date_gmt":"2026-03-24T10:16:16","guid":{"rendered":"https:\/\/afro-europe.ch\/mentions-legales\/"},"modified":"2026-04-03T23:32:55","modified_gmt":"2026-04-03T23:32:55","slug":"mentions-legales","status":"publish","type":"page","link":"https:\/\/afro-europe.ch\/fr\/mentions-legales\/","title":{"rendered":"Mentions l\u00e9gales"},"content":{"rendered":"\t\t<div data-elementor-type=\"wp-page\" data-elementor-id=\"2872\" class=\"elementor elementor-2872 elementor-2047\" data-elementor-post-type=\"page\">\n\t\t\t\t\t\t<section class=\"elementor-section elementor-top-section elementor-element elementor-element-604ff36 elementor-section-boxed elementor-section-height-default elementor-section-height-default\" data-id=\"604ff36\" data-element_type=\"section\" data-e-type=\"section\">\n\t\t\t\t\t\t<div class=\"elementor-container elementor-column-gap-default\">\n\t\t\t\t\t<div class=\"elementor-column elementor-col-100 elementor-top-column elementor-element elementor-element-504f70b\" data-id=\"504f70b\" data-element_type=\"column\" data-e-type=\"column\">\n\t\t\t<div class=\"elementor-widget-wrap elementor-element-populated\">\n\t\t\t\t\t\t<div class=\"elementor-element elementor-element-225d77d elementor-nav-menu--dropdown-none elementor-widget elementor-widget-nav-menu\" data-id=\"225d77d\" data-element_type=\"widget\" data-e-type=\"widget\" data-settings=\"{&quot;layout&quot;:&quot;horizontal&quot;,&quot;submenu_icon&quot;:{&quot;value&quot;:&quot;&lt;i class=\\&quot;fas fa-caret-down\\&quot; aria-hidden=\\&quot;true\\&quot;&gt;&lt;\\\/i&gt;&quot;,&quot;library&quot;:&quot;fa-solid&quot;}}\" data-widget_type=\"nav-menu.default\">\n\t\t\t\t<div class=\"elementor-widget-container\">\n\t\t\t\t\t\t\t\t<nav aria-label=\"Menu\" class=\"elementor-nav-menu--main elementor-nav-menu__container elementor-nav-menu--layout-horizontal e--pointer-underline e--animation-fade\">\n\t\t\t\t<ul id=\"menu-1-225d77d\" class=\"elementor-nav-menu\"><li class=\"menu-item menu-item-type-post_type menu-item-object-page menu-item-2402\"><a href=\"https:\/\/afro-europe.ch\/legal-notice\/\" class=\"elementor-item\">Mentions l\u00e9gales<\/a><\/li>\n<li class=\"menu-item menu-item-type-post_type menu-item-object-page menu-item-2401\"><a href=\"https:\/\/afro-europe.ch\/terms-and-conditions\/\" class=\"elementor-item\">Conditions g\u00e9n\u00e9rales<\/a><\/li>\n<li class=\"menu-item menu-item-type-post_type menu-item-object-page menu-item-2882\"><a href=\"https:\/\/afro-europe.ch\/privacy-policy\/\" class=\"elementor-item\">Politique de confidentialit\u00e9<\/a><\/li>\n<\/ul>\t\t\t<\/nav>\n\t\t\t\t\t\t<nav class=\"elementor-nav-menu--dropdown elementor-nav-menu__container\" aria-hidden=\"true\">\n\t\t\t\t<ul id=\"menu-2-225d77d\" class=\"elementor-nav-menu\"><li class=\"menu-item menu-item-type-post_type menu-item-object-page menu-item-2402\"><a href=\"https:\/\/afro-europe.ch\/legal-notice\/\" class=\"elementor-item\" tabindex=\"-1\">Mentions l\u00e9gales<\/a><\/li>\n<li class=\"menu-item menu-item-type-post_type menu-item-object-page menu-item-2401\"><a href=\"https:\/\/afro-europe.ch\/terms-and-conditions\/\" class=\"elementor-item\" tabindex=\"-1\">Conditions g\u00e9n\u00e9rales<\/a><\/li>\n<li class=\"menu-item menu-item-type-post_type menu-item-object-page menu-item-2882\"><a href=\"https:\/\/afro-europe.ch\/privacy-policy\/\" class=\"elementor-item\" tabindex=\"-1\">Politique de confidentialit\u00e9<\/a><\/li>\n<\/ul>\t\t\t<\/nav>\n\t\t\t\t\t\t<\/div>\n\t\t\t\t<\/div>\n\t\t\t\t\t<\/div>\n\t\t<\/div>\n\t\t\t\t\t<\/div>\n\t\t<\/section>\n\t\t\t\t<section class=\"elementor-section elementor-top-section elementor-element elementor-element-21b151b elementor-section-boxed elementor-section-height-default elementor-section-height-default\" data-id=\"21b151b\" data-element_type=\"section\" data-e-type=\"section\">\n\t\t\t\t\t\t<div class=\"elementor-container elementor-column-gap-default\">\n\t\t\t\t\t<div class=\"elementor-column elementor-col-100 elementor-top-column elementor-element elementor-element-76b5544\" data-id=\"76b5544\" data-element_type=\"column\" data-e-type=\"column\">\n\t\t\t<div class=\"elementor-widget-wrap elementor-element-populated\">\n\t\t\t\t\t\t<div class=\"elementor-element elementor-element-9b9d342 elementor-widget elementor-widget-heading\" data-id=\"9b9d342\" data-element_type=\"widget\" data-e-type=\"widget\" data-widget_type=\"heading.default\">\n\t\t\t\t<div class=\"elementor-widget-container\">\n\t\t\t\t\t<h2 class=\"elementor-heading-title elementor-size-default\">Mentions l\u00e9gales<\/h2>\t\t\t\t<\/div>\n\t\t\t\t<\/div>\n\t\t\t\t<div class=\"elementor-element elementor-element-77ff167 elementor-widget elementor-widget-text-editor\" data-id=\"77ff167\" data-element_type=\"widget\" data-e-type=\"widget\" data-widget_type=\"text-editor.default\">\n\t\t\t\t<div class=\"elementor-widget-container\">\n\t\t\t\t\t\t\t\t\t<p><strong>Afro-Europe<\/strong><\/p><p>Plateforme d&#8217;annuaire d&#8217;entreprises pour les entreprises africaines et d&#8217;inspiration africaine en Europe<\/p><p>_______________________<\/p><p><strong>\u00c9DITEUR DU SITE WEB<\/strong><\/p><p><strong>Soci\u00e9t\u00e9 :<\/strong> Swiss Advert Studio<\/p><p><strong>G\u00e9rant :<\/strong> Betelhem Messele Bukaya<\/p><p><strong>Adresse :<\/strong><\/p><p>Chemin Bizot 4, 1208 Gen\u00e8ve<\/p><p><strong>E-mail :<\/strong><\/p><p>info@afro-europe.ch<\/p><p><strong>Site web :<\/strong><\/p><p><blockquote class=\"wp-embedded-content\" data-secret=\"tluRloDBu9\"><a href=\"https:\/\/afro-europe.ch\/\">HOME<\/a><\/blockquote><iframe class=\"wp-embedded-content\" sandbox=\"allow-scripts\" security=\"restricted\" style=\"position: absolute; visibility: hidden;\" title=\"\u00ab\u00a0HOME\u00a0\u00bb &#8212; Afro-Europe\" src=\"https:\/\/afro-europe.ch\/embed\/#?secret=uzBoJCui9B#?secret=tluRloDBu9\" data-secret=\"tluRloDBu9\" width=\"600\" height=\"338\" frameborder=\"0\" marginwidth=\"0\" marginheight=\"0\" scrolling=\"no\"><\/iframe><\/p><p><strong>Statut juridique :<\/strong><\/p><p>Entreprise individuelle<\/p><p>_______________________<\/p><p><strong>H\u00c9BERGEMENT<\/strong><\/p><p><strong>Infomaniak Network SA<\/strong><\/p><p>Rue Eug\u00e8ne-Marziano 25<\/p><p>1227 Les Acacias (GE), Suisse<\/p><p>www.infomaniak.com<\/p><p>_______________________<\/p><p><strong>PROPRI\u00c9T\u00c9 INTELLECTUELLE<\/strong><\/p><p>Tout le contenu de ce site web (texte, images, logo, design) est prot\u00e9g\u00e9 par les lois applicables.<\/p><p>Toute reproduction, distribution ou utilisation sans autorisation pr\u00e9alable est interdite.<\/p><p>_______________________<\/p><p><strong>RESPONSABILIT\u00c9<\/strong><\/p><p>Afro-Europe met tout en \u0153uvre pour assurer l&#8217;exactitude des informations publi\u00e9es. Cependant, aucune garantie n&#8217;est donn\u00e9e quant \u00e0 leur exactitude, leur exhaustivit\u00e9 ou leur actualit\u00e9.<\/p><p>Les entreprises r\u00e9pertori\u00e9es sont seules responsables des informations qu&#8217;elles publient.<\/p><p>Afro-Europe agit comme une plateforme de mise en r\u00e9seau et ne peut \u00eatre tenue responsable des services fournis par les entreprises r\u00e9pertori\u00e9es.<\/p><p>_______________________<\/p><p><strong>CONTACT<\/strong><\/p><p>Pour toute question, veuillez nous contacter \u00e0 l&#8217;adresse suivante :<\/p><p>info@afro-europe.ch<\/p>\t\t\t\t\t\t\t\t<\/div>\n\t\t\t\t<\/div>\n\t\t\t\t\t<\/div>\n\t\t<\/div>\n\t\t\t\t\t<\/div>\n\t\t<\/section>\n\t\t\t\t<\/div>\n\t\t","protected":false},"excerpt":{"rendered":"<p>Mentions l\u00e9gales Afro-Europe Plateforme d&#8217;annuaire d&#8217;entreprises pour les entreprises africaines et d&#8217;inspiration africaine en Europe _______________________ \u00c9DITEUR DU SITE WEB Soci\u00e9t\u00e9 : Swiss Advert Studio G\u00e9rant : Betelhem Messele Bukaya Adresse : Chemin Bizot 4, 1208 Gen\u00e8ve E-mail : info@afro-europe.ch Site web : HOME Statut juridique : Entreprise individuelle _______________________ H\u00c9BERGEMENT Infomaniak Network SA Rue [&hellip;]<\/p>\n","protected":false},"author":1,"featured_media":0,"parent":0,"menu_order":0,"comment_status":"closed","ping_status":"closed","template":"templates\/blank.php","meta":{"footnotes":""},"class_list":["post-2872","page","type-page","status-publish","hentry"],"_links":{"self":[{"href":"https:\/\/afro-europe.ch\/fr\/wp-json\/wp\/v2\/pages\/2872","targetHints":{"allow":["GET"]}}],"collection":[{"href":"https:\/\/afro-europe.ch\/fr\/wp-json\/wp\/v2\/pages"}],"about":[{"href":"https:\/\/afro-europe.ch\/fr\/wp-json\/wp\/v2\/types\/page"}],"author":[{"embeddable":true,"href":"https:\/\/afro-europe.ch\/fr\/wp-json\/wp\/v2\/users\/1"}],"replies":[{"embeddable":true,"href":"https:\/\/afro-europe.ch\/fr\/wp-json\/wp\/v2\/comments?post=2872"}],"version-history":[{"count":2,"href":"https:\/\/afro-europe.ch\/fr\/wp-json\/wp\/v2\/pages\/2872\/revisions"}],"predecessor-version":[{"id":2901,"href":"https:\/\/afro-europe.ch\/fr\/wp-json\/wp\/v2\/pages\/2872\/revisions\/2901"}],"wp:attachment":[{"href":"https:\/\/afro-europe.ch\/fr\/wp-json\/wp\/v2\/media?parent=2872"}],"curies":[{"name":"wp","href":"https:\/\/api.w.org\/{rel}","templated":true}]}}