{"id":2908,"date":"2026-04-01T13:55:25","date_gmt":"2026-04-01T13:55:25","guid":{"rendered":"https:\/\/afro-europe.ch\/conditions-generales\/"},"modified":"2026-04-03T23:40:18","modified_gmt":"2026-04-03T23:40:18","slug":"conditions-generales","status":"publish","type":"page","link":"https:\/\/afro-europe.ch\/fr\/conditions-generales\/","title":{"rendered":"Conditions g\u00e9n\u00e9rales"},"content":{"rendered":"\t\t<div data-elementor-type=\"wp-page\" data-elementor-id=\"2908\" class=\"elementor elementor-2908 elementor-2363\" data-elementor-post-type=\"page\">\n\t\t\t\t\t\t<section class=\"elementor-section elementor-top-section elementor-element elementor-element-3ccff82 elementor-section-boxed elementor-section-height-default elementor-section-height-default\" data-id=\"3ccff82\" data-element_type=\"section\" data-e-type=\"section\">\n\t\t\t\t\t\t<div class=\"elementor-container elementor-column-gap-default\">\n\t\t\t\t\t<div class=\"elementor-column elementor-col-100 elementor-top-column elementor-element elementor-element-3f7c046\" data-id=\"3f7c046\" data-element_type=\"column\" data-e-type=\"column\">\n\t\t\t<div class=\"elementor-widget-wrap elementor-element-populated\">\n\t\t\t\t\t\t<div class=\"elementor-element elementor-element-ed85f9e elementor-nav-menu--dropdown-none elementor-widget elementor-widget-nav-menu\" data-id=\"ed85f9e\" data-element_type=\"widget\" data-e-type=\"widget\" data-settings=\"{&quot;layout&quot;:&quot;horizontal&quot;,&quot;submenu_icon&quot;:{&quot;value&quot;:&quot;&lt;i class=\\&quot;fas fa-caret-down\\&quot; aria-hidden=\\&quot;true\\&quot;&gt;&lt;\\\/i&gt;&quot;,&quot;library&quot;:&quot;fa-solid&quot;}}\" data-widget_type=\"nav-menu.default\">\n\t\t\t\t<div class=\"elementor-widget-container\">\n\t\t\t\t\t\t\t\t<nav aria-label=\"Menu\" class=\"elementor-nav-menu--main elementor-nav-menu__container elementor-nav-menu--layout-horizontal e--pointer-underline e--animation-fade\">\n\t\t\t\t<ul id=\"menu-1-ed85f9e\" class=\"elementor-nav-menu\"><li class=\"menu-item menu-item-type-post_type menu-item-object-page menu-item-2402\"><a href=\"https:\/\/afro-europe.ch\/legal-notice\/\" class=\"elementor-item\">Mentions l\u00e9gales<\/a><\/li>\n<li class=\"menu-item menu-item-type-post_type menu-item-object-page menu-item-2401\"><a href=\"https:\/\/afro-europe.ch\/terms-and-conditions\/\" class=\"elementor-item\">Conditions g\u00e9n\u00e9rales<\/a><\/li>\n<li class=\"menu-item menu-item-type-post_type menu-item-object-page menu-item-2882\"><a href=\"https:\/\/afro-europe.ch\/privacy-policy\/\" class=\"elementor-item\">Politique de confidentialit\u00e9<\/a><\/li>\n<\/ul>\t\t\t<\/nav>\n\t\t\t\t\t\t<nav class=\"elementor-nav-menu--dropdown elementor-nav-menu__container\" aria-hidden=\"true\">\n\t\t\t\t<ul id=\"menu-2-ed85f9e\" class=\"elementor-nav-menu\"><li class=\"menu-item menu-item-type-post_type menu-item-object-page menu-item-2402\"><a href=\"https:\/\/afro-europe.ch\/legal-notice\/\" class=\"elementor-item\" tabindex=\"-1\">Mentions l\u00e9gales<\/a><\/li>\n<li class=\"menu-item menu-item-type-post_type menu-item-object-page menu-item-2401\"><a href=\"https:\/\/afro-europe.ch\/terms-and-conditions\/\" class=\"elementor-item\" tabindex=\"-1\">Conditions g\u00e9n\u00e9rales<\/a><\/li>\n<li class=\"menu-item menu-item-type-post_type menu-item-object-page menu-item-2882\"><a href=\"https:\/\/afro-europe.ch\/privacy-policy\/\" class=\"elementor-item\" tabindex=\"-1\">Politique de confidentialit\u00e9<\/a><\/li>\n<\/ul>\t\t\t<\/nav>\n\t\t\t\t\t\t<\/div>\n\t\t\t\t<\/div>\n\t\t\t\t\t<\/div>\n\t\t<\/div>\n\t\t\t\t\t<\/div>\n\t\t<\/section>\n\t\t\t\t<section class=\"elementor-section elementor-top-section elementor-element elementor-element-027655c elementor-section-boxed elementor-section-height-default elementor-section-height-default\" data-id=\"027655c\" data-element_type=\"section\" data-e-type=\"section\">\n\t\t\t\t\t\t<div class=\"elementor-container elementor-column-gap-default\">\n\t\t\t\t\t<div class=\"elementor-column elementor-col-100 elementor-top-column elementor-element elementor-element-4cfec2c\" data-id=\"4cfec2c\" data-element_type=\"column\" data-e-type=\"column\">\n\t\t\t<div class=\"elementor-widget-wrap elementor-element-populated\">\n\t\t\t\t\t\t<div class=\"elementor-element elementor-element-6deea86 elementor-widget elementor-widget-heading\" data-id=\"6deea86\" data-element_type=\"widget\" data-e-type=\"widget\" data-widget_type=\"heading.default\">\n\t\t\t\t<div class=\"elementor-widget-container\">\n\t\t\t\t\t<h2 class=\"elementor-heading-title elementor-size-default\">Conditions g\u00e9n\u00e9rales<\/h2>\t\t\t\t<\/div>\n\t\t\t\t<\/div>\n\t\t\t\t<div class=\"elementor-element elementor-element-82cd59d elementor-widget elementor-widget-text-editor\" data-id=\"82cd59d\" data-element_type=\"widget\" data-e-type=\"widget\" data-widget_type=\"text-editor.default\">\n\t\t\t\t<div class=\"elementor-widget-container\">\n\t\t\t\t\t\t\t\t\t<h3>CONDITIONS G\u00c9N\u00c9RALES D\u2019UTILISATION ET DE VENTE (CG)<\/h3><p><strong>1. OBJET<\/strong><br>Afro-Europe est une plateforme con\u00e7ue pour promouvoir et r\u00e9f\u00e9rencer des entreprises africaines et d\u2019inspiration afro en Europe.<\/p><p>_____________________<\/p><p><strong>2. SERVICES PROPOS\u00c9S<\/strong><br>cr\u00e9ation de profils professionnels<\/p><ul><li>publication d\u2019annonces<\/li><li>visibilit\u00e9 en ligne<\/li><\/ul><p>options premium payantes<br>_______________________<\/p><p><strong>3. INSCRIPTION<\/strong><br>Les utilisateurs s\u2019engagent \u00e0 fournir des informations exactes et \u00e0 jour.<\/p><p>Afro-Europe se r\u00e9serve le droit de refuser, suspendre ou supprimer un compte en cas de non-respect des pr\u00e9sentes conditions.<\/p><p>_______________________<\/p><p><strong>4. RESPONSABILIT\u00c9 RELATIVE AU CONTENU<\/strong><br>Les utilisateurs sont seuls responsables du contenu qu\u2019ils publient (texte, images, informations).<\/p><p>Afro-Europe ne v\u00e9rifie pas syst\u00e9matiquement les informations publi\u00e9es.<\/p><p>Tout contenu inappropri\u00e9 peut \u00eatre supprim\u00e9 sans pr\u00e9avis.<\/p><p>_______________________<\/p><p><strong>5. ANNONCES D\u2019ENTREPRISES<\/strong><br>Les entreprises sont seules responsables des informations figurant dans leurs annonces (services, prix, coordonn\u00e9es, etc.).<\/p><p>Afro-Europe agit uniquement en tant que plateforme de mise en relation des utilisateurs.<\/p><p>_______________________<\/p><p><strong>6. OFFRES ET PAIEMENTS<\/strong><br>\u2013 Une offre gratuite peut \u00eatre disponible<br>\u2013 Des offres payantes sont disponibles<br>\u2013 Les paiements sont trait\u00e9s via WooCommerce et des prestataires de services externes<\/p><p>_______________________<\/p><p><strong>7. DUR\u00c9E DES SERVICES<\/strong><br>Les formules payantes sont valables pour la dur\u00e9e indiqu\u00e9e (p. ex. 1 an).<\/p><p>Le renouvellement rel\u00e8ve de la responsabilit\u00e9 de l\u2019utilisateur, sauf indication contraire.<\/p><p>_______________________<\/p><p><strong>8. AUCUN REMBOURSEMENT<\/strong><br>Sauf cas exceptionnels, les paiements effectu\u00e9s ne sont pas remboursables.<\/p><p>_______________________<\/p><p><strong>9. LIMITATION DE RESPONSABILIT\u00c9<\/strong><br>Afro-Europe ne garantit aucun r\u00e9sultat commercial, aucune visibilit\u00e9 ni aucune acquisition de clients.<\/p><p>La plateforme ne peut \u00eatre tenue responsable des services fournis par les entreprises r\u00e9f\u00e9renc\u00e9es.<\/p><p>_____________________<\/p><p><strong>10. MODIFICATION OU SUPPRESSION<\/strong><br>Afro-Europe se r\u00e9serve le droit de modifier, suspendre ou supprimer tout contenu, compte ou service sans pr\u00e9avis en cas de non-respect des pr\u00e9sentes conditions.<\/p><p>_____________________<\/p><p><strong>11. MODIFICATION DES CONDITIONS<\/strong><br>Afro-Europe se r\u00e9serve le droit de modifier les pr\u00e9sentes conditions \u00e0 tout moment.<\/p><p>_____________________<\/p><p><strong>12. DROIT APPLICABLE<\/strong><br>Les pr\u00e9sentes conditions sont r\u00e9gies par le droit suisse.<\/p><p>En cas de litige, les tribunaux comp\u00e9tents sont ceux du canton de Gen\u00e8ve.<\/p><p> <\/p>\t\t\t\t\t\t\t\t<\/div>\n\t\t\t\t<\/div>\n\t\t\t\t\t<\/div>\n\t\t<\/div>\n\t\t\t\t\t<\/div>\n\t\t<\/section>\n\t\t\t\t<\/div>\n\t\t","protected":false},"excerpt":{"rendered":"<p>Conditions g\u00e9n\u00e9rales CONDITIONS G\u00c9N\u00c9RALES D\u2019UTILISATION ET DE VENTE (CG) 1. OBJETAfro-Europe est une plateforme con\u00e7ue pour promouvoir et r\u00e9f\u00e9rencer des entreprises africaines et d\u2019inspiration afro en Europe. _____________________ 2. SERVICES PROPOS\u00c9Scr\u00e9ation de profils professionnels publication d\u2019annonces visibilit\u00e9 en ligne options premium payantes_______________________ 3. INSCRIPTIONLes utilisateurs s\u2019engagent \u00e0 fournir des informations exactes et \u00e0 jour. Afro-Europe [&hellip;]<\/p>\n","protected":false},"author":1,"featured_media":0,"parent":0,"menu_order":0,"comment_status":"closed","ping_status":"closed","template":"","meta":{"footnotes":""},"class_list":["post-2908","page","type-page","status-publish","hentry"],"_links":{"self":[{"href":"https:\/\/afro-europe.ch\/fr\/wp-json\/wp\/v2\/pages\/2908","targetHints":{"allow":["GET"]}}],"collection":[{"href":"https:\/\/afro-europe.ch\/fr\/wp-json\/wp\/v2\/pages"}],"about":[{"href":"https:\/\/afro-europe.ch\/fr\/wp-json\/wp\/v2\/types\/page"}],"author":[{"embeddable":true,"href":"https:\/\/afro-europe.ch\/fr\/wp-json\/wp\/v2\/users\/1"}],"replies":[{"embeddable":true,"href":"https:\/\/afro-europe.ch\/fr\/wp-json\/wp\/v2\/comments?post=2908"}],"version-history":[{"count":1,"href":"https:\/\/afro-europe.ch\/fr\/wp-json\/wp\/v2\/pages\/2908\/revisions"}],"predecessor-version":[{"id":2909,"href":"https:\/\/afro-europe.ch\/fr\/wp-json\/wp\/v2\/pages\/2908\/revisions\/2909"}],"wp:attachment":[{"href":"https:\/\/afro-europe.ch\/fr\/wp-json\/wp\/v2\/media?parent=2908"}],"curies":[{"name":"wp","href":"https:\/\/api.w.org\/{rel}","templated":true}]}}