{"id":2977,"date":"2021-09-07T10:57:34","date_gmt":"2021-09-07T10:57:34","guid":{"rendered":"https:\/\/afro-europe.ch\/politique-de-confidentialite-2\/"},"modified":"2026-04-04T00:42:12","modified_gmt":"2026-04-04T00:42:12","slug":"politique-de-confidentialite-2","status":"publish","type":"page","link":"https:\/\/afro-europe.ch\/fr\/politique-de-confidentialite-2\/","title":{"rendered":"Politique de confidentialit\u00e9"},"content":{"rendered":"\t\t<div data-elementor-type=\"wp-page\" data-elementor-id=\"2977\" class=\"elementor elementor-2977 elementor-29\" data-elementor-post-type=\"page\">\n\t\t\t\t\t\t<section class=\"elementor-section elementor-top-section elementor-element elementor-element-ca298e5 elementor-section-boxed elementor-section-height-default elementor-section-height-default\" data-id=\"ca298e5\" data-element_type=\"section\" data-e-type=\"section\">\n\t\t\t\t\t\t<div class=\"elementor-container elementor-column-gap-default\">\n\t\t\t\t\t<div class=\"elementor-column elementor-col-100 elementor-top-column elementor-element elementor-element-c31d091\" data-id=\"c31d091\" data-element_type=\"column\" data-e-type=\"column\">\n\t\t\t<div class=\"elementor-widget-wrap elementor-element-populated\">\n\t\t\t\t\t\t<div class=\"elementor-element elementor-element-24d0efc elementor-nav-menu--dropdown-none elementor-widget elementor-widget-nav-menu\" data-id=\"24d0efc\" data-element_type=\"widget\" data-e-type=\"widget\" data-settings=\"{&quot;layout&quot;:&quot;horizontal&quot;,&quot;submenu_icon&quot;:{&quot;value&quot;:&quot;&lt;i class=\\&quot;fas fa-caret-down\\&quot; aria-hidden=\\&quot;true\\&quot;&gt;&lt;\\\/i&gt;&quot;,&quot;library&quot;:&quot;fa-solid&quot;}}\" data-widget_type=\"nav-menu.default\">\n\t\t\t\t<div class=\"elementor-widget-container\">\n\t\t\t\t\t\t\t\t<nav aria-label=\"Menu\" class=\"elementor-nav-menu--main elementor-nav-menu__container elementor-nav-menu--layout-horizontal e--pointer-underline e--animation-fade\">\n\t\t\t\t<ul id=\"menu-1-24d0efc\" class=\"elementor-nav-menu\"><li class=\"menu-item menu-item-type-post_type menu-item-object-page menu-item-2402\"><a href=\"https:\/\/afro-europe.ch\/legal-notice\/\" class=\"elementor-item\">Mentions l\u00e9gales<\/a><\/li>\n<li class=\"menu-item menu-item-type-post_type menu-item-object-page menu-item-2401\"><a href=\"https:\/\/afro-europe.ch\/terms-and-conditions\/\" class=\"elementor-item\">Conditions g\u00e9n\u00e9rales<\/a><\/li>\n<li class=\"menu-item menu-item-type-post_type menu-item-object-page menu-item-2882\"><a href=\"https:\/\/afro-europe.ch\/privacy-policy\/\" class=\"elementor-item\">Politique de confidentialit\u00e9<\/a><\/li>\n<\/ul>\t\t\t<\/nav>\n\t\t\t\t\t\t<nav class=\"elementor-nav-menu--dropdown elementor-nav-menu__container\" aria-hidden=\"true\">\n\t\t\t\t<ul id=\"menu-2-24d0efc\" class=\"elementor-nav-menu\"><li class=\"menu-item menu-item-type-post_type menu-item-object-page menu-item-2402\"><a href=\"https:\/\/afro-europe.ch\/legal-notice\/\" class=\"elementor-item\" tabindex=\"-1\">Mentions l\u00e9gales<\/a><\/li>\n<li class=\"menu-item menu-item-type-post_type menu-item-object-page menu-item-2401\"><a href=\"https:\/\/afro-europe.ch\/terms-and-conditions\/\" class=\"elementor-item\" tabindex=\"-1\">Conditions g\u00e9n\u00e9rales<\/a><\/li>\n<li class=\"menu-item menu-item-type-post_type menu-item-object-page menu-item-2882\"><a href=\"https:\/\/afro-europe.ch\/privacy-policy\/\" class=\"elementor-item\" tabindex=\"-1\">Politique de confidentialit\u00e9<\/a><\/li>\n<\/ul>\t\t\t<\/nav>\n\t\t\t\t\t\t<\/div>\n\t\t\t\t<\/div>\n\t\t\t\t\t<\/div>\n\t\t<\/div>\n\t\t\t\t\t<\/div>\n\t\t<\/section>\n\t\t\t\t<section class=\"elementor-section elementor-top-section elementor-element elementor-element-9171b22 elementor-section-boxed elementor-section-height-default elementor-section-height-default\" data-id=\"9171b22\" data-element_type=\"section\" data-e-type=\"section\">\n\t\t\t\t\t\t<div class=\"elementor-container elementor-column-gap-default\">\n\t\t\t\t\t<div class=\"elementor-column elementor-col-100 elementor-top-column elementor-element elementor-element-396644c\" data-id=\"396644c\" data-element_type=\"column\" data-e-type=\"column\">\n\t\t\t<div class=\"elementor-widget-wrap elementor-element-populated\">\n\t\t\t\t\t\t<div class=\"elementor-element elementor-element-8b7845b elementor-widget elementor-widget-heading\" data-id=\"8b7845b\" data-element_type=\"widget\" data-e-type=\"widget\" data-widget_type=\"heading.default\">\n\t\t\t\t<div class=\"elementor-widget-container\">\n\t\t\t\t\t<h2 class=\"elementor-heading-title elementor-size-default\">Politique de confidentialit\u00e9<\/h2>\t\t\t\t<\/div>\n\t\t\t\t<\/div>\n\t\t\t\t<div class=\"elementor-element elementor-element-aa16bf7 elementor-widget elementor-widget-text-editor\" data-id=\"aa16bf7\" data-element_type=\"widget\" data-e-type=\"widget\" data-widget_type=\"text-editor.default\">\n\t\t\t\t<div class=\"elementor-widget-container\">\n\t\t\t\t\t\t\t\t\t<p>Afro-Europe accorde une grande importance \u00e0 la protection de vos donn\u00e9es personnelles.<\/p><p>Cette politique est conforme au RGPD <strong>(Suisse)<\/strong> et au <strong>GDPR (Union europ\u00e9enne)<\/strong>.<\/p><p>_______________________<\/p><p><strong>1. DONN\u00c9ES COLLECTIVES<\/strong><br>Nous pouvons collecter les donn\u00e9es suivantes :<\/p><p>Nom et pr\u00e9nom<br>Adresse \u00e9lectronique<br>Num\u00e9ro de t\u00e9l\u00e9phone<br>Informations professionnelles<br>Donn\u00e9es relatives aux annonces<br>Donn\u00e9es de navigation<br>_______________________<\/p><p><strong>2. BUT DU TRAITEMENT<\/strong><br>Les donn\u00e9es sont utilis\u00e9es pour :<\/p><p>cr\u00e9ation et gestion de comptes<br>publication de profils professionnels<br>traitement des paiements<br>communication avec les utilisateurs<br>am\u00e9lioration du service<br>s\u00e9curit\u00e9 et pr\u00e9vention des abus<br>_______________________<\/p><p><strong>3. BASE JURIDIQUE<\/strong><br>Le traitement est fond\u00e9 sur :<\/p><p>l&#8217;ex\u00e9cution d&#8217;un contrat<br>le consentement de l&#8217;utilisateur<br>l&#8217;int\u00e9r\u00eat l\u00e9gitime de la plate-forme<br>_______________________<\/p><p><strong>4. PAIEMENTS<\/strong><br>Les paiements sont trait\u00e9s par des prestataires de services externes (par exemple, zahls.ch, WooCommerce).<br>Afro-Europe ne conserve aucune donn\u00e9e bancaire.<\/p><p>_______________________<\/p><p><strong>5. PARTAGE DES DONN\u00c9ES<\/strong><br>Les donn\u00e9es ne sont pas vendues.<br>Elles ne peuvent \u00eatre partag\u00e9es qu&#8217;avec :<\/p><p>prestataires de services techniques<br>services de paiement<br>obligations l\u00e9gales<br>_______________________<\/p><p><strong>6. DONN\u00c9ES PUBLIQUES<\/strong><br>Certaines informations contenues dans les profils des entreprises sont rendues publiques sur la plateforme.<\/p><p>Ces donn\u00e9es sont librement accessibles aux visiteurs du site web.<\/p><p>Les utilisateurs sont responsables des informations qu&#8217;ils choisissent de publier.<\/p><p><strong>7. DUR\u00c9E DE CONSERVATION<\/strong><br>Les donn\u00e9es sont conserv\u00e9es :<\/p><ul><li>pour la dur\u00e9e de la relation avec l&#8217;utilisateur<\/li><li>jusqu&#8217;\u00e0 3 ans apr\u00e8s l&#8217;inactivit\u00e9<\/li><\/ul><p>conform\u00e9ment aux obligations l\u00e9gales<br>_______________________<\/p><p><strong>8. S\u00c9CURIT\u00c9<\/strong><br>Nous mettons en \u0153uvre des mesures techniques et organisationnelles pour prot\u00e9ger les donn\u00e9es.<\/p><p>_______________________<\/p><p><strong>9. COOKIES<\/strong><br>Le site utilise des cookies pour am\u00e9liorer l&#8217;exp\u00e9rience de l&#8217;utilisateur.<\/p><p>Ces cookies nous permettent de :<\/p><p>&#8211; m\u00e9moriser vos pr\u00e9f\u00e9rences<br>&#8211; g\u00e9rer les connexions<br>&#8211; analyser l&#8217;utilisation du site<\/p><p>Vous pouvez configurer votre navigateur pour qu&#8217;il refuse les cookies.<\/p><p>_______________________<\/p><p><strong>10. COMMENTAIRES<\/strong><br>Lorsque vous laissez un commentaire, nous collectons les donn\u00e9es du formulaire ainsi que votre adresse IP afin de d\u00e9tecter les spams.<\/p><p>_______________________<\/p><p><strong>11. MEDIA<\/strong><br>Si vous t\u00e9l\u00e9chargez des images sur le site, \u00e9vitez d&#8217;inclure des donn\u00e9es de localisation (EXIF GPS).<\/p><p>_______________________<\/p><p><strong>12. CONTENU INT<\/strong>\u00c9GR\u00c9<br>Les messages peuvent contenir du contenu int\u00e9gr\u00e9 (vid\u00e9os, images, etc.).<\/p><p>Ce contenu se comporte comme si vous visitiez directement le site du tiers, qui peut collecter des donn\u00e9es.<\/p><p>_______________________<\/p><p><strong>13. SERVICES DE TIERS<\/strong><br>Nous utilisons des services de tiers (par exemple, Google, les plugins WordPress, les outils d&#8217;analyse, les services de paiement).<\/p><p>Ces services peuvent collecter des donn\u00e9es conform\u00e9ment \u00e0 leurs propres politiques de confidentialit\u00e9.<\/p><p>_______________________<\/p><p><strong>14. VOS DROITS<\/strong><br>Conform\u00e9ment aux lois applicables, vous pouvez :<\/p><p>&#8211; acc\u00e9der \u00e0 vos donn\u00e9es<br>&#8211; demander leur correction<br>&#8211; demander leur suppression<\/p><p><strong>Contact : info@afro-europe.ch<\/strong><\/p><p> <\/p>\t\t\t\t\t\t\t\t<\/div>\n\t\t\t\t<\/div>\n\t\t\t\t\t<\/div>\n\t\t<\/div>\n\t\t\t\t\t<\/div>\n\t\t<\/section>\n\t\t\t\t<\/div>\n\t\t","protected":false},"excerpt":{"rendered":"<p>Politique de confidentialit\u00e9 Afro-Europe accorde une grande importance \u00e0 la protection de vos donn\u00e9es personnelles. Cette politique est conforme au RGPD (Suisse) et au GDPR (Union europ\u00e9enne). _______________________ 1. DONN\u00c9ES COLLECTIVESNous pouvons collecter les donn\u00e9es suivantes : Nom et pr\u00e9nomAdresse \u00e9lectroniqueNum\u00e9ro de t\u00e9l\u00e9phoneInformations professionnellesDonn\u00e9es relatives aux annoncesDonn\u00e9es de navigation_______________________ 2. BUT DU TRAITEMENTLes donn\u00e9es sont [&hellip;]<\/p>\n","protected":false},"author":1,"featured_media":0,"parent":0,"menu_order":0,"comment_status":"closed","ping_status":"closed","template":"","meta":{"footnotes":""},"class_list":["post-2977","page","type-page","status-publish","hentry"],"_links":{"self":[{"href":"https:\/\/afro-europe.ch\/fr\/wp-json\/wp\/v2\/pages\/2977","targetHints":{"allow":["GET"]}}],"collection":[{"href":"https:\/\/afro-europe.ch\/fr\/wp-json\/wp\/v2\/pages"}],"about":[{"href":"https:\/\/afro-europe.ch\/fr\/wp-json\/wp\/v2\/types\/page"}],"author":[{"embeddable":true,"href":"https:\/\/afro-europe.ch\/fr\/wp-json\/wp\/v2\/users\/1"}],"replies":[{"embeddable":true,"href":"https:\/\/afro-europe.ch\/fr\/wp-json\/wp\/v2\/comments?post=2977"}],"version-history":[{"count":2,"href":"https:\/\/afro-europe.ch\/fr\/wp-json\/wp\/v2\/pages\/2977\/revisions"}],"predecessor-version":[{"id":2979,"href":"https:\/\/afro-europe.ch\/fr\/wp-json\/wp\/v2\/pages\/2977\/revisions\/2979"}],"wp:attachment":[{"href":"https:\/\/afro-europe.ch\/fr\/wp-json\/wp\/v2\/media?parent=2977"}],"curies":[{"name":"wp","href":"https:\/\/api.w.org\/{rel}","templated":true}]}}